{"id":41008,"date":"2023-09-01T12:06:46","date_gmt":"2023-09-01T12:06:46","guid":{"rendered":"https:\/\/theme-dev.cmsmasters.net\/lawbusiness-clone-main\/?page_id=1575"},"modified":"2024-12-06T20:01:02","modified_gmt":"2024-12-06T20:01:02","slug":"contacto","status":"publish","type":"page","link":"https:\/\/legalservicespanama.com\/en\/contacto\/","title":{"rendered":"Contact"},"content":{"rendered":"<div data-elementor-type=\"wp-page\" data-elementor-id=\"41008\" class=\"elementor elementor-41008\">\n\t\t\t\t<div class=\"elementor-element elementor-element-e5606de cmsmasters-section-for-header-yes e-flex e-con-boxed cmsmasters-bg-hide-none cmsmasters-bg-hide-none cmsmasters-block-default e-con e-parent\" data-id=\"e5606de\" data-element_type=\"container\" data-settings=\"{&quot;background_background&quot;:&quot;classic&quot;}\">\n\t\t\t\t\t<div class=\"e-con-inner\">\n\t\t\t\t<div class=\"elementor-element elementor-element-1dcba80 cmsmasters-block-default cmsmasters-sticky-default elementor-widget elementor-widget-heading\" data-id=\"1dcba80\" data-element_type=\"widget\" data-widget_type=\"heading.default\">\n\t\t\t\t<div class=\"elementor-widget-container\">\n\t\t\t\t\t<h1 class=\"elementor-heading-title elementor-size-default\">Archives<\/h1>\t\t\t\t<\/div>\n\t\t\t\t<\/div>\n\t\t\t\t\t<\/div>\n\t\t\t\t<\/div>\n\t\t<div class=\"elementor-element elementor-element-df6aa9a e-flex e-con-boxed cmsmasters-block-default e-con e-parent\" data-id=\"df6aa9a\" data-element_type=\"container\">\n\t\t\t\t\t<div class=\"e-con-inner\">\n\t\t<div class=\"elementor-element elementor-element-f7d55a7 e-con-full e-flex cmsmasters-block-default e-con e-child\" data-id=\"f7d55a7\" data-element_type=\"container\">\n\t\t\t\t<div class=\"elementor-element elementor-element-4692575 elementor-widget__width-initial elementor-widget-tablet__width-inherit cmsmasters-block-default cmsmasters-sticky-default elementor-widget elementor-widget-heading\" data-id=\"4692575\" data-element_type=\"widget\" data-widget_type=\"heading.default\">\n\t\t\t\t<div class=\"elementor-widget-container\">\n\t\t\t\t\t<h3 class=\"elementor-heading-title elementor-size-default\">Contact Information<\/h3>\t\t\t\t<\/div>\n\t\t\t\t<\/div>\n\t\t\t\t<div class=\"elementor-element elementor-element-903439b cmsmasters-block-default cmsmasters-sticky-default elementor-widget elementor-widget-heading\" data-id=\"903439b\" data-element_type=\"widget\" data-widget_type=\"heading.default\">\n\t\t\t\t<div class=\"elementor-widget-container\">\n\t\t\t\t\t<div class=\"elementor-heading-title elementor-size-default\">Calle 74 Oeste y Ave 17C Norte, Bethania, Panam\u00e1<\/div>\t\t\t\t<\/div>\n\t\t\t\t<\/div>\n\t\t\t\t<div class=\"elementor-element elementor-element-dca2398 cmsmasters-widget-align-left cmsmasters-widget-layout-row cmsmasters-widget-direction-default cmsmasters-widget-marker-element-icon cmsmasters-widget-marker-view-default cmsmasters-block-default cmsmasters-sticky-default elementor-widget elementor-widget-cmsmasters-icon-list cmsmasters-widget-icon-list\" data-id=\"dca2398\" data-element_type=\"widget\" data-widget_type=\"cmsmasters-icon-list.default\">\n\t\t\t\t<div class=\"elementor-widget-container\">\n\t\t\t\t\t\t\t<ul class=\"cmsmasters-widget-icon-list-items\">\n\t\t\t\t\t\t\t<li class=\"cmsmasters-widget-icon-list-item\">\n\t\t\t\t\t\t\t\t<span class=\"cmsmasters-widget-icon-list-item-text-wrap\">\n\t\t\t\t\t\t\t\t\t\t<span class=\"cmsmasters-widget-icon-list-item-text-inner\">\n\t\t\t\t\t\t<span class=\"cmsmasters-widget-icon-list-item-text\">\n\t\t\t\t\t\t\tEmail: \t\t\t\t\t\t<\/span>\n\t\t\t\t\t\t\t\t\t\t\t<\/span>\n\t\t\t\t<\/span>\n\t\t\t\t<span class=\"cmsmasters-widget-icon-list-item-value active-link-item cmsmasters-widget-icon-list-item-value\"><a href=\"mailto: info@legalservicespanama.com\">info@legalservicespanama.com<\/a><\/span>\t\t\t\t<\/li>\n\t\t\t\t\t\t\t<li class=\"cmsmasters-widget-icon-list-item\">\n\t\t\t\t\t\t\t\t<span class=\"cmsmasters-widget-icon-list-item-text-wrap\">\n\t\t\t\t\t\t\t\t\t\t<span class=\"cmsmasters-widget-icon-list-item-text-inner\">\n\t\t\t\t\t\t<span class=\"cmsmasters-widget-icon-list-item-text cmsmasters-widget-icon-list-item-text\">\n\t\t\t\t\t\t\tPhone:\t\t\t\t\t\t<\/span>\n\t\t\t\t\t\t\t\t\t\t\t<\/span>\n\t\t\t\t<\/span>\n\t\t\t\t<span class=\"cmsmasters-widget-icon-list-item-value active-link-item cmsmasters-widget-icon-list-item-value\"><a href=\"tel: (507) 392-7134\">+(507) 392-7134<\/a><\/span>\t\t\t\t<\/li>\n\t\t\t\t\t<\/ul>\n\t\t\t\t\t\t<\/div>\n\t\t\t\t<\/div>\n\t\t\t\t<div class=\"elementor-element elementor-element-f948be3 cmsmasters-block-default cmsmasters-sticky-default elementor-widget elementor-widget-heading\" data-id=\"f948be3\" data-element_type=\"widget\" data-widget_type=\"heading.default\">\n\t\t\t\t<div class=\"elementor-widget-container\">\n\t\t\t\t\t<div class=\"elementor-heading-title elementor-size-default\">Opening Hours<\/div>\t\t\t\t<\/div>\n\t\t\t\t<\/div>\n\t\t\t\t<div class=\"elementor-element elementor-element-5755840 cmsmasters-widget-align-left cmsmasters-widget-layout-row cmsmasters-widget-direction-default cmsmasters-widget-marker-element-icon cmsmasters-widget-marker-view-default cmsmasters-block-default cmsmasters-sticky-default elementor-widget elementor-widget-cmsmasters-icon-list cmsmasters-widget-icon-list\" data-id=\"5755840\" data-element_type=\"widget\" data-widget_type=\"cmsmasters-icon-list.default\">\n\t\t\t\t<div class=\"elementor-widget-container\">\n\t\t\t\t\t\t\t<ul class=\"cmsmasters-widget-icon-list-items\">\n\t\t\t\t\t\t\t<li class=\"cmsmasters-widget-icon-list-item\">\n\t\t\t\t\t\t\t\t<span class=\"cmsmasters-widget-icon-list-item-text-wrap\">\n\t\t\t\t\t\t\t\t\t\t<span class=\"cmsmasters-widget-icon-list-item-text-inner\">\n\t\t\t\t\t\t<span class=\"cmsmasters-widget-icon-list-item-text\">\n\t\t\t\t\t\t\tMonday - Friday\t\t\t\t\t\t<\/span>\n\t\t\t\t\t\t\t\t\t\t\t<\/span>\n\t\t\t\t<\/span>\n\t\t\t\t<span class=\"cmsmasters-widget-icon-list-item-value cmsmasters-widget-icon-list-item-value\">8:00am - 4:00pm<\/span>\t\t\t\t<\/li>\n\t\t\t\t\t<\/ul>\n\t\t\t\t\t\t<\/div>\n\t\t\t\t<\/div>\n\t\t\t\t<div class=\"elementor-element elementor-element-71db9ee cmsmasters-widget-align-left cmsmasters-widget-layout-row cmsmasters-widget-direction-default cmsmasters-widget-marker-element-icon cmsmasters-widget-marker-view-default cmsmasters-block-default cmsmasters-sticky-default elementor-widget elementor-widget-cmsmasters-icon-list cmsmasters-widget-icon-list\" data-id=\"71db9ee\" data-element_type=\"widget\" data-widget_type=\"cmsmasters-icon-list.default\">\n\t\t\t\t<div class=\"elementor-widget-container\">\n\t\t\t\t\t\t\t<ul class=\"cmsmasters-widget-icon-list-items\">\n\t\t\t\t\t\t\t<li class=\"cmsmasters-widget-icon-list-item\">\n\t\t\t\t\t\t\t\t<span class=\"cmsmasters-widget-icon-list-item-text-wrap\">\n\t\t\t\t\t\t\t\t\t\t<span class=\"cmsmasters-widget-icon-list-item-text-inner\">\n\t\t\t\t\t\t<span class=\"cmsmasters-widget-icon-list-item-text\">\n\t\t\t\t\t\t\tSaturday - Sunday\t\t\t\t\t\t<\/span>\n\t\t\t\t\t\t\t\t\t\t\t<\/span>\n\t\t\t\t<\/span>\n\t\t\t\t<span class=\"cmsmasters-widget-icon-list-item-value cmsmasters-widget-icon-list-item-value\">Closed<\/span>\t\t\t\t<\/li>\n\t\t\t\t\t<\/ul>\n\t\t\t\t\t\t<\/div>\n\t\t\t\t<\/div>\n\t\t\t\t<\/div>\n\t\t<div class=\"elementor-element elementor-element-1d5dfd0 e-con-full e-flex cmsmasters-block-default e-con e-child\" data-id=\"1d5dfd0\" data-element_type=\"container\">\n\t\t\t\t<div class=\"elementor-element elementor-element-3251804 cmsmasters-block-default cmsmasters-sticky-default elementor-widget elementor-widget-cmsmasters-google-maps\" data-id=\"3251804\" data-element_type=\"widget\" data-settings=\"{&quot;address&quot;:&quot;calle 74 oeste y ave 17c&quot;,&quot;markers&quot;:[{&quot;0&quot;:&quot;address_mark&quot;,&quot;_id&quot;:&quot;8c554c5&quot;,&quot;address_mark&quot;:&quot;calle 74 oeste y av.17c norte, bethania&quot;,&quot;coordinates_mark_lat&quot;:null,&quot;coordinates_mark_lng&quot;:null,&quot;address_type&quot;:&quot;address&quot;,&quot;animation_marker&quot;:&quot;none&quot;,&quot;mark_icon&quot;:{&quot;url&quot;:&quot;&quot;,&quot;id&quot;:&quot;&quot;,&quot;size&quot;:&quot;&quot;},&quot;mark_desc&quot;:&quot;&quot;,&quot;desc_show&quot;:&quot;no&quot;,&quot;mark_title&quot;:&quot;&quot;}],&quot;address_type_global&quot;:&quot;address-g&quot;,&quot;map_type&quot;:&quot;roadmap&quot;,&quot;zoom&quot;:{&quot;unit&quot;:&quot;px&quot;,&quot;size&quot;:15,&quot;sizes&quot;:[]},&quot;map_type_control&quot;:&quot;no&quot;,&quot;street_view_control&quot;:&quot;no&quot;,&quot;fullscreen_control&quot;:&quot;no&quot;,&quot;gesture_handling&quot;:&quot;yes&quot;}\" data-widget_type=\"cmsmasters-google-maps.default\">\n\t\t\t\t<div class=\"elementor-widget-container\">\n\t\t\t\t\t<div class=\"elementor-widget-cmsmasters-google-maps__wrapper\"><\/div>\t\t\t\t<\/div>\n\t\t\t\t<\/div>\n\t\t\t\t<\/div>\n\t\t\t\t\t<\/div>\n\t\t\t\t<\/div>\n\t\t<div class=\"elementor-element elementor-element-e26571d e-con-full e-flex cmsmasters-block-default e-con e-parent\" data-id=\"e26571d\" data-element_type=\"container\">\n\t\t\t\t<div class=\"elementor-element elementor-element-f9b009a elementor-widget-divider--view-line cmsmasters-block-default cmsmasters-sticky-default elementor-widget elementor-widget-divider\" data-id=\"f9b009a\" data-element_type=\"widget\" data-widget_type=\"divider.default\">\n\t\t\t\t<div class=\"elementor-widget-container\">\n\t\t\t\t\t\t\t<div class=\"elementor-divider\">\n\t\t\t<span class=\"elementor-divider-separator\">\n\t\t\t\t\t\t<\/span>\n\t\t<\/div>\n\t\t\t\t\t\t<\/div>\n\t\t\t\t<\/div>\n\t\t\t\t<\/div>\n\t\t<div class=\"elementor-element elementor-element-a02a696 e-flex e-con-boxed cmsmasters-block-default e-con e-parent\" data-id=\"a02a696\" data-element_type=\"container\">\n\t\t\t\t\t<div class=\"e-con-inner\">\n\t\t<div class=\"elementor-element elementor-element-356fbeb e-con-full e-flex cmsmasters-block-default e-con e-child\" data-id=\"356fbeb\" data-element_type=\"container\">\n\t\t\t\t<div class=\"elementor-element elementor-element-ba6e8c1 cmsmasters-block-default cmsmasters-sticky-default elementor-widget elementor-widget-image\" data-id=\"ba6e8c1\" data-element_type=\"widget\" data-widget_type=\"image.default\">\n\t\t\t\t<div class=\"elementor-widget-container\">\n\t\t\t\t\t\t\t\t\t\t\t\t\t\t\t<img fetchpriority=\"high\" decoding=\"async\" width=\"590\" height=\"760\" src=\"https:\/\/legalservicespanama.com\/wp-content\/uploads\/2023\/09\/contacts-4-30x39.webp\" class=\"attachment-full size-full wp-image-1668 cmsmasters_img cmsmasters-lazyload lazyload\" alt=\"\" data-sizes=\"(max-width: 590px) 100vw, 590px\" data-src=\"https:\/\/legalservicespanama.com\/wp-content\/uploads\/2023\/09\/contacts-4.webp\" data-srcset=\"https:\/\/legalservicespanama.com\/wp-content\/uploads\/2023\/09\/contacts-4.webp 590w, https:\/\/legalservicespanama.com\/wp-content\/uploads\/2023\/09\/contacts-4-300x386.webp 300w, https:\/\/legalservicespanama.com\/wp-content\/uploads\/2023\/09\/contacts-4-233x300.webp 233w, https:\/\/legalservicespanama.com\/wp-content\/uploads\/2023\/09\/contacts-4-30x39.webp 30w, https:\/\/legalservicespanama.com\/wp-content\/uploads\/2023\/09\/contacts-4-8x10.webp 8w\" srcset=\"https:\/\/legalservicespanama.com\/wp-content\/uploads\/2023\/09\/contacts-4-30x39.webp 30w, https:\/\/legalservicespanama.com\/wp-content\/uploads\/2023\/09\/contacts-4-300x386.webp 300w, https:\/\/legalservicespanama.com\/wp-content\/uploads\/2023\/09\/contacts-4-233x300.webp 233w, https:\/\/legalservicespanama.com\/wp-content\/uploads\/2023\/09\/contacts-4-8x10.webp 8w, https:\/\/legalservicespanama.com\/wp-content\/uploads\/2023\/09\/contacts-4.webp 590w\" sizes=\"(max-width: 590px) 100vw, 590px\" \/>\t\t\t\t\t\t\t\t\t\t\t\t\t\t\t<\/div>\n\t\t\t\t<\/div>\n\t\t\t\t<\/div>\n\t\t<div class=\"elementor-element elementor-element-27eadba e-con-full e-flex cmsmasters-block-default e-con e-child\" data-id=\"27eadba\" data-element_type=\"container\">\n\t\t\t\t<div class=\"elementor-element elementor-element-806a40b cmsmasters-block-default cmsmasters-sticky-default elementor-widget elementor-widget-heading\" data-id=\"806a40b\" data-element_type=\"widget\" data-widget_type=\"heading.default\">\n\t\t\t\t<div class=\"elementor-widget-container\">\n\t\t\t\t\t<h3 class=\"elementor-heading-title elementor-size-default\">Ask a Question<\/h3>\t\t\t\t<\/div>\n\t\t\t\t<\/div>\n\t\t\t\t<div class=\"elementor-element elementor-element-7f9c250 cmsmasters-block-default cmsmasters-sticky-default elementor-widget elementor-widget-text-editor\" data-id=\"7f9c250\" data-element_type=\"widget\" data-widget_type=\"text-editor.default\">\n\t\t\t\t<div class=\"elementor-widget-container\">\n\t\t\t\t\t\t\t\t\t<p>If you have any questions, you can contact us. Please, fill out the form below.<\/p>\t\t\t\t\t\t\t\t<\/div>\n\t\t\t\t<\/div>\n\t\t\t\t<div class=\"elementor-element elementor-element-a01d842 cmsmasters-block-default cmsmasters-sticky-default elementor-widget elementor-widget-cmsmasters-forminator\" data-id=\"a01d842\" data-element_type=\"widget\" data-settings=\"{&quot;form_list&quot;:&quot;30&quot;}\" data-widget_type=\"cmsmasters-forminator.default\">\n\t\t\t\t<div class=\"elementor-widget-container\">\n\t\t\t\t\t<div class=\"elementor-widget-cmsmasters-contact-form__wrapper elementor-widget-cmsmasters-contact-form cmsmasters-default-font\" id=\"cmsmasters-widget-form-a01d842\">\n\t\t\t<div class=\"elementor-widget-cmsmasters-contact-form__inner\"><div class=\"forminator-ui forminator-custom-form forminator-custom-form-30 forminator-design--default forminator-custom forminator_ajax\" data-forminator-render=\"0\" data-form=\"forminator-module-30\" data-uid=\"69e174f5643ed\"><br\/><\/div><form\n\t\t\t\tid=\"forminator-module-30\"\n\t\t\t\tclass=\"forminator-ui forminator-custom-form forminator-custom-form-30 forminator-design--default forminator-custom forminator_ajax\"\n\t\t\t\tmethod=\"post\"\n\t\t\t\tdata-forminator-render=\"0\"\n\t\t\t\tdata-form-id=\"30\"\n\t\t\t\t\n\t\t\t\tdata-design=\"default\"\n\t\t\t\t\n\t\t\t\t\n\t\t\t\t\n\t\t\t\tdata-grid=\"custom\"\n\t\t\t\t\n\t\t\t\t\n\t\t\t\tstyle=\"display: none;\"\n\t\t\t\t\n\t\t\t\tdata-uid=\"69e174f5643ed\"\n\t\t\t><div role=\"alert\" aria-live=\"polite\" class=\"forminator-response-message forminator-error\" aria-hidden=\"true\"><\/div><div class=\"forminator-row\"><div id=\"name-1\" class=\"forminator-field-name forminator-col forminator-col-6\"><div class=\"forminator-field\"><label for=\"forminator-field-name-1_69e174f5643ed\" id=\"forminator-field-name-1_69e174f5643ed-label\" class=\"forminator-label\">Name <span class=\"forminator-required\">*<\/span><\/label><input type=\"text\" name=\"name-1\" value=\"\" placeholder=\"\" id=\"forminator-field-name-1_69e174f5643ed\" class=\"forminator-input forminator-name--field\" aria-required=\"true\" \/><\/div><\/div><div id=\"email-2\" class=\"forminator-field-email forminator-col forminator-col-6\"><div class=\"forminator-field\"><label for=\"forminator-field-email-2_69e174f5643ed\" id=\"forminator-field-email-2_69e174f5643ed-label\" class=\"forminator-label\">E-Mail<\/label><input type=\"email\" name=\"email-2\" value=\"\" placeholder=\"\" id=\"forminator-field-email-2_69e174f5643ed\" class=\"forminator-input forminator-email--field\" data-required=\"\" aria-required=\"false\" \/><\/div><\/div><\/div><div class=\"forminator-row\"><div id=\"text-1\" class=\"forminator-field-text forminator-col forminator-col-12\"><div class=\"forminator-field\"><label for=\"forminator-field-text-1_69e174f5643ed\" id=\"forminator-field-text-1_69e174f5643ed-label\" class=\"forminator-label\">Subject<\/label><input type=\"text\" name=\"text-1\" value=\"\" placeholder=\"\" id=\"forminator-field-text-1_69e174f5643ed\" class=\"forminator-input forminator-name--field\" data-required=\"\" \/><\/div><\/div><\/div><div class=\"forminator-row\"><div id=\"textarea-1\" class=\"forminator-field-textarea forminator-col forminator-col-12\"><div class=\"forminator-field\"><label for=\"forminator-field-textarea-1_69e174f5643ed\" id=\"forminator-field-textarea-1_69e174f5643ed-label\" class=\"forminator-label\">Your Message<\/label><textarea name=\"textarea-1\" placeholder=\"\" id=\"forminator-field-textarea-1_69e174f5643ed\" class=\"forminator-textarea\" rows=\"6\" style=\"min-height:170px;\" ><\/textarea><\/div><\/div><\/div><div class=\"forminator-row\"><div id=\"captcha-1\" class=\"forminator-field-captcha forminator-col forminator-col-12\"><div class=\"forminator-captcha-left forminator-g-recaptcha\" data-theme=\"light\"  data-sitekey=\"6Le6iocqAAAAAHX8HNMY_uqTw7y60PCYEHyGklCr\" data-size=\"normal\"><\/div> <\/div><\/div><input type=\"hidden\" name=\"referer_url\" value=\"\" \/><div class=\"forminator-row forminator-row-last\"><div class=\"forminator-col\"><div class=\"forminator-field\"><button class=\"forminator-button forminator-button-submit\">Send Message<\/button><\/div><\/div><\/div><input type=\"hidden\" id=\"forminator_nonce\" name=\"forminator_nonce\" value=\"5fa5f268da\" \/><input type=\"hidden\" name=\"_wp_http_referer\" value=\"\/en\/wp-json\/wp\/v2\/pages\/41008\" \/><input type=\"hidden\" name=\"form_id\" value=\"30\"><input type=\"hidden\" name=\"page_id\" value=\"41008\"><input type=\"hidden\" name=\"form_type\" value=\"default\"><input type=\"hidden\" name=\"current_url\" value=\"https:\/\/legalservicespanama.com\/en\/contacto\/\"><input type=\"hidden\" name=\"render_id\" value=\"0\"><input type=\"hidden\" name=\"action\" value=\"forminator_submit_form_custom-forms\"><input type=\"hidden\" name=\"trp-form-language\" value=\"en\"\/><\/form><\/div>\n\t\t<\/div>\t\t\t\t<\/div>\n\t\t\t\t<\/div>\n\t\t\t\t<\/div>\n\t\t\t\t\t<\/div>\n\t\t\t\t<\/div>\n\t\t\t\t<\/div>","protected":false},"excerpt":{"rendered":"<p>Informaci\u00f3n de Contacto Calle 74 Oeste y Ave 17C Norte, Bethania, Panam\u00e1 Email: info@legalservicespanama.com Tel\u00e9fono: +(507) 392-7134 Horarios Lunes &#8211; Viernes: 8:00am &#8211; 4:00pm S\u00e1bados &#8211; Domingos: Cerrado Te respondemos Si tiene alguna pregunta, puedes contactarnos. Por favor, llene el formulario debajo.<\/p>","protected":false},"author":1,"featured_media":41383,"parent":0,"menu_order":0,"comment_status":"closed","ping_status":"closed","template":"","meta":{"_acf_changed":false,"footnotes":""},"class_list":["post-41008","page","type-page","status-publish","has-post-thumbnail","hentry"],"acf":[],"yoast_head":"<!-- This site is optimized with the Yoast SEO plugin v23.9 - https:\/\/yoast.com\/wordpress\/plugins\/seo\/ -->\n<title>Contacto - Legal Services Panama<\/title>\n<meta name=\"robots\" content=\"index, follow, max-snippet:-1, max-image-preview:large, max-video-preview:-1\" \/>\n<link rel=\"canonical\" href=\"https:\/\/legalservicespanama.com\/en\/contacto\/\" \/>\n<meta property=\"og:locale\" content=\"en_US\" \/>\n<meta property=\"og:type\" content=\"article\" \/>\n<meta property=\"og:title\" content=\"Contacto - Legal Services Panama\" \/>\n<meta property=\"og:description\" content=\"Informaci\u00f3n de Contacto Calle 74 Oeste y Ave 17C Norte, Bethania, Panam\u00e1 Email: info@legalservicespanama.com Tel\u00e9fono: +(507) 392-7134 Horarios Lunes &#8211; Viernes: 8:00am &#8211; 4:00pm S\u00e1bados &#8211; Domingos: Cerrado Te respondemos Si tiene alguna pregunta, puedes contactarnos. Por favor, llene el formulario debajo.\" \/>\n<meta property=\"og:url\" content=\"https:\/\/legalservicespanama.com\/en\/contacto\/\" \/>\n<meta property=\"og:site_name\" content=\"Legal Services Panama\" \/>\n<meta property=\"article:modified_time\" content=\"2024-12-06T20:01:02+00:00\" \/>\n<meta name=\"twitter:card\" content=\"summary_large_image\" \/>\n<meta name=\"twitter:label1\" content=\"Est. reading time\" \/>\n\t<meta name=\"twitter:data1\" content=\"7 minutes\" \/>\n<script type=\"application\/ld+json\" class=\"yoast-schema-graph\">{\"@context\":\"https:\/\/schema.org\",\"@graph\":[{\"@type\":\"WebPage\",\"@id\":\"https:\/\/legalservicespanama.com\/contacto\/\",\"url\":\"https:\/\/legalservicespanama.com\/contacto\/\",\"name\":\"Contacto - Legal Services Panama\",\"isPartOf\":{\"@id\":\"https:\/\/legalservicespanama.com\/#website\"},\"primaryImageOfPage\":{\"@id\":\"https:\/\/legalservicespanama.com\/contacto\/#primaryimage\"},\"image\":{\"@id\":\"https:\/\/legalservicespanama.com\/contacto\/#primaryimage\"},\"thumbnailUrl\":\"\",\"datePublished\":\"2023-09-01T12:06:46+00:00\",\"dateModified\":\"2024-12-06T20:01:02+00:00\",\"breadcrumb\":{\"@id\":\"https:\/\/legalservicespanama.com\/contacto\/#breadcrumb\"},\"inLanguage\":\"en-US\",\"potentialAction\":[{\"@type\":\"ReadAction\",\"target\":[\"https:\/\/legalservicespanama.com\/contacto\/\"]}]},{\"@type\":\"ImageObject\",\"inLanguage\":\"en-US\",\"@id\":\"https:\/\/legalservicespanama.com\/contacto\/#primaryimage\",\"url\":\"\",\"contentUrl\":\"\"},{\"@type\":\"BreadcrumbList\",\"@id\":\"https:\/\/legalservicespanama.com\/contacto\/#breadcrumb\",\"itemListElement\":[{\"@type\":\"ListItem\",\"position\":1,\"name\":\"Portada\",\"item\":\"https:\/\/legalservicespanama.com\/\"},{\"@type\":\"ListItem\",\"position\":2,\"name\":\"Contacto\"}]},{\"@type\":\"WebSite\",\"@id\":\"https:\/\/legalservicespanama.com\/#website\",\"url\":\"https:\/\/legalservicespanama.com\/\",\"name\":\"Legal Services Panama\",\"description\":\"Legal Services Panama\",\"publisher\":{\"@id\":\"https:\/\/legalservicespanama.com\/#organization\"},\"potentialAction\":[{\"@type\":\"SearchAction\",\"target\":{\"@type\":\"EntryPoint\",\"urlTemplate\":\"https:\/\/legalservicespanama.com\/?s={search_term_string}\"},\"query-input\":{\"@type\":\"PropertyValueSpecification\",\"valueRequired\":true,\"valueName\":\"search_term_string\"}}],\"inLanguage\":\"en-US\"},{\"@type\":\"Organization\",\"@id\":\"https:\/\/legalservicespanama.com\/#organization\",\"name\":\"Legal Services Panama\",\"url\":\"https:\/\/legalservicespanama.com\/\",\"logo\":{\"@type\":\"ImageObject\",\"inLanguage\":\"en-US\",\"@id\":\"https:\/\/legalservicespanama.com\/#\/schema\/logo\/image\/\",\"url\":\"https:\/\/legalservicespanama.com\/wp-content\/uploads\/2024\/10\/Logos-2.0.png\",\"contentUrl\":\"https:\/\/legalservicespanama.com\/wp-content\/uploads\/2024\/10\/Logos-2.0.png\",\"width\":1680,\"height\":776,\"caption\":\"Legal Services Panama\"},\"image\":{\"@id\":\"https:\/\/legalservicespanama.com\/#\/schema\/logo\/image\/\"}}]}<\/script>\n<!-- \/ Yoast SEO plugin. -->","yoast_head_json":{"title":"Contacto - Legal Services Panama","robots":{"index":"index","follow":"follow","max-snippet":"max-snippet:-1","max-image-preview":"max-image-preview:large","max-video-preview":"max-video-preview:-1"},"canonical":"https:\/\/legalservicespanama.com\/en\/contacto\/","og_locale":"en_US","og_type":"article","og_title":"Contacto - Legal Services Panama","og_description":"Informaci\u00f3n de Contacto Calle 74 Oeste y Ave 17C Norte, Bethania, Panam\u00e1 Email: info@legalservicespanama.com Tel\u00e9fono: +(507) 392-7134 Horarios Lunes &#8211; Viernes: 8:00am &#8211; 4:00pm S\u00e1bados &#8211; Domingos: Cerrado Te respondemos Si tiene alguna pregunta, puedes contactarnos. Por favor, llene el formulario debajo.","og_url":"https:\/\/legalservicespanama.com\/en\/contacto\/","og_site_name":"Legal Services Panama","article_modified_time":"2024-12-06T20:01:02+00:00","twitter_card":"summary_large_image","twitter_misc":{"Est. reading time":"7 minutes"},"schema":{"@context":"https:\/\/schema.org","@graph":[{"@type":"WebPage","@id":"https:\/\/legalservicespanama.com\/contacto\/","url":"https:\/\/legalservicespanama.com\/contacto\/","name":"Contacto - Legal Services Panama","isPartOf":{"@id":"https:\/\/legalservicespanama.com\/#website"},"primaryImageOfPage":{"@id":"https:\/\/legalservicespanama.com\/contacto\/#primaryimage"},"image":{"@id":"https:\/\/legalservicespanama.com\/contacto\/#primaryimage"},"thumbnailUrl":"","datePublished":"2023-09-01T12:06:46+00:00","dateModified":"2024-12-06T20:01:02+00:00","breadcrumb":{"@id":"https:\/\/legalservicespanama.com\/contacto\/#breadcrumb"},"inLanguage":"en-US","potentialAction":[{"@type":"ReadAction","target":["https:\/\/legalservicespanama.com\/contacto\/"]}]},{"@type":"ImageObject","inLanguage":"en-US","@id":"https:\/\/legalservicespanama.com\/contacto\/#primaryimage","url":"","contentUrl":""},{"@type":"BreadcrumbList","@id":"https:\/\/legalservicespanama.com\/contacto\/#breadcrumb","itemListElement":[{"@type":"ListItem","position":1,"name":"Portada","item":"https:\/\/legalservicespanama.com\/"},{"@type":"ListItem","position":2,"name":"Contacto"}]},{"@type":"WebSite","@id":"https:\/\/legalservicespanama.com\/#website","url":"https:\/\/legalservicespanama.com\/","name":"Legal Services Panama","description":"Legal Services Panama","publisher":{"@id":"https:\/\/legalservicespanama.com\/#organization"},"potentialAction":[{"@type":"SearchAction","target":{"@type":"EntryPoint","urlTemplate":"https:\/\/legalservicespanama.com\/?s={search_term_string}"},"query-input":{"@type":"PropertyValueSpecification","valueRequired":true,"valueName":"search_term_string"}}],"inLanguage":"en-US"},{"@type":"Organization","@id":"https:\/\/legalservicespanama.com\/#organization","name":"Legal Services Panama","url":"https:\/\/legalservicespanama.com\/","logo":{"@type":"ImageObject","inLanguage":"en-US","@id":"https:\/\/legalservicespanama.com\/#\/schema\/logo\/image\/","url":"https:\/\/legalservicespanama.com\/wp-content\/uploads\/2024\/10\/Logos-2.0.png","contentUrl":"https:\/\/legalservicespanama.com\/wp-content\/uploads\/2024\/10\/Logos-2.0.png","width":1680,"height":776,"caption":"Legal Services Panama"},"image":{"@id":"https:\/\/legalservicespanama.com\/#\/schema\/logo\/image\/"}}]}},"_links":{"self":[{"href":"https:\/\/legalservicespanama.com\/en\/wp-json\/wp\/v2\/pages\/41008","targetHints":{"allow":["GET"]}}],"collection":[{"href":"https:\/\/legalservicespanama.com\/en\/wp-json\/wp\/v2\/pages"}],"about":[{"href":"https:\/\/legalservicespanama.com\/en\/wp-json\/wp\/v2\/types\/page"}],"author":[{"embeddable":true,"href":"https:\/\/legalservicespanama.com\/en\/wp-json\/wp\/v2\/users\/1"}],"replies":[{"embeddable":true,"href":"https:\/\/legalservicespanama.com\/en\/wp-json\/wp\/v2\/comments?post=41008"}],"version-history":[{"count":18,"href":"https:\/\/legalservicespanama.com\/en\/wp-json\/wp\/v2\/pages\/41008\/revisions"}],"predecessor-version":[{"id":41183,"href":"https:\/\/legalservicespanama.com\/en\/wp-json\/wp\/v2\/pages\/41008\/revisions\/41183"}],"wp:featuredmedia":[{"embeddable":true,"href":"https:\/\/legalservicespanama.com\/en\/wp-json\/"}],"wp:attachment":[{"href":"https:\/\/legalservicespanama.com\/en\/wp-json\/wp\/v2\/media?parent=41008"}],"curies":[{"name":"wp","href":"https:\/\/api.w.org\/{rel}","templated":true}]}}