{"id":41010,"date":"2023-09-07T19:30:20","date_gmt":"2023-09-07T19:30:20","guid":{"rendered":"https:\/\/theme-dev.cmsmasters.net\/lawbusiness-clone-main\/?page_id=37828"},"modified":"2024-12-19T23:31:48","modified_gmt":"2024-12-19T23:31:48","slug":"abogados","status":"publish","type":"page","link":"https:\/\/legalservicespanama.com\/en\/abogados\/","title":{"rendered":"Attourneys"},"content":{"rendered":"<div data-elementor-type=\"wp-page\" data-elementor-id=\"41010\" class=\"elementor elementor-41010\">\n\t\t\t\t<div class=\"elementor-element elementor-element-636cb39 e-flex e-con-boxed cmsmasters-bg-hide-none cmsmasters-bg-hide-none cmsmasters-block-default e-con e-parent\" data-id=\"636cb39\" data-element_type=\"container\" data-settings=\"{&quot;background_background&quot;:&quot;classic&quot;}\">\n\t\t\t\t\t<div class=\"e-con-inner\">\n\t\t<div class=\"elementor-element elementor-element-00aa758 e-con-full e-flex cmsmasters-block-default e-con e-child\" data-id=\"00aa758\" data-element_type=\"container\">\n\t\t\t\t<div class=\"elementor-element elementor-element-8b93907 cmsmasters-block-default cmsmasters-sticky-default elementor-widget elementor-widget-heading\" data-id=\"8b93907\" data-element_type=\"widget\" data-widget_type=\"heading.default\">\n\t\t\t\t<div class=\"elementor-widget-container\">\n\t\t\t\t\t<h1 class=\"elementor-heading-title elementor-size-default\">Archives<\/h1>\t\t\t\t<\/div>\n\t\t\t\t<\/div>\n\t\t\t\t<\/div>\n\t\t\t\t\t<\/div>\n\t\t\t\t<\/div>\n\t\t<div class=\"elementor-element elementor-element-167d669 e-flex e-con-boxed cmsmasters-block-default e-con e-parent\" data-id=\"167d669\" data-element_type=\"container\" data-settings=\"{&quot;background_background&quot;:&quot;classic&quot;}\">\n\t\t\t\t\t<div class=\"e-con-inner\">\n\t\t<div class=\"elementor-element elementor-element-77fcdc7 e-con-full e-flex cmsmasters-block-default e-con e-child\" data-id=\"77fcdc7\" data-element_type=\"container\">\n\t\t\t\t<div class=\"elementor-element elementor-element-47dad91 cmsmasters-block-default cmsmasters-sticky-default elementor-widget elementor-widget-image\" data-id=\"47dad91\" data-element_type=\"widget\" data-widget_type=\"image.default\">\n\t\t\t\t<div class=\"elementor-widget-container\">\n\t\t\t\t\t\t\t\t\t\t\t\t\t\t\t<img fetchpriority=\"high\" decoding=\"async\" width=\"768\" height=\"792\" src=\"https:\/\/legalservicespanama.com\/wp-content\/uploads\/2024\/12\/jaime-30x31.jpeg\" class=\"attachment-medium_large size-medium_large wp-image-41207 cmsmasters_img cmsmasters-lazyload lazyload\" alt=\"\" data-sizes=\"(max-width: 768px) 100vw, 768px\" data-src=\"https:\/\/legalservicespanama.com\/wp-content\/uploads\/2024\/12\/jaime-768x792.jpeg\" data-srcset=\"https:\/\/legalservicespanama.com\/wp-content\/uploads\/2024\/12\/jaime-768x792.jpeg 768w, https:\/\/legalservicespanama.com\/wp-content\/uploads\/2024\/12\/jaime-291x300.jpeg 291w, https:\/\/legalservicespanama.com\/wp-content\/uploads\/2024\/12\/jaime-993x1024.jpeg 993w, https:\/\/legalservicespanama.com\/wp-content\/uploads\/2024\/12\/jaime-12x12.jpeg 12w, https:\/\/legalservicespanama.com\/wp-content\/uploads\/2024\/12\/jaime-300x309.jpeg 300w, https:\/\/legalservicespanama.com\/wp-content\/uploads\/2024\/12\/jaime-600x619.jpeg 600w, https:\/\/legalservicespanama.com\/wp-content\/uploads\/2024\/12\/jaime-30x30.jpeg 30w, https:\/\/legalservicespanama.com\/wp-content\/uploads\/2024\/12\/jaime-19x20.jpeg 19w, https:\/\/legalservicespanama.com\/wp-content\/uploads\/2024\/12\/jaime-10x10.jpeg 10w, https:\/\/legalservicespanama.com\/wp-content\/uploads\/2024\/12\/jaime.jpeg 1241w\" srcset=\"https:\/\/legalservicespanama.com\/wp-content\/uploads\/2024\/12\/jaime-30x30.jpeg 30w, https:\/\/legalservicespanama.com\/wp-content\/uploads\/2024\/12\/jaime-291x300.jpeg 291w, https:\/\/legalservicespanama.com\/wp-content\/uploads\/2024\/12\/jaime-993x1024.jpeg 993w, https:\/\/legalservicespanama.com\/wp-content\/uploads\/2024\/12\/jaime-768x792.jpeg 768w, https:\/\/legalservicespanama.com\/wp-content\/uploads\/2024\/12\/jaime-12x12.jpeg 12w, https:\/\/legalservicespanama.com\/wp-content\/uploads\/2024\/12\/jaime-300x309.jpeg 300w, https:\/\/legalservicespanama.com\/wp-content\/uploads\/2024\/12\/jaime-600x619.jpeg 600w, https:\/\/legalservicespanama.com\/wp-content\/uploads\/2024\/12\/jaime-19x20.jpeg 19w, https:\/\/legalservicespanama.com\/wp-content\/uploads\/2024\/12\/jaime-10x10.jpeg 10w, https:\/\/legalservicespanama.com\/wp-content\/uploads\/2024\/12\/jaime.jpeg 1241w\" sizes=\"(max-width: 768px) 100vw, 768px\" \/>\t\t\t\t\t\t\t\t\t\t\t\t\t\t\t<\/div>\n\t\t\t\t<\/div>\n\t\t\t\t<\/div>\n\t\t<div class=\"elementor-element elementor-element-1487453 e-con-full e-flex cmsmasters-block-default e-con e-child\" data-id=\"1487453\" data-element_type=\"container\">\n\t\t\t\t<div class=\"elementor-element elementor-element-cafbc56 cmsmasters-block-default cmsmasters-sticky-default elementor-widget elementor-widget-heading\" data-id=\"cafbc56\" data-element_type=\"widget\" data-widget_type=\"heading.default\">\n\t\t\t\t<div class=\"elementor-widget-container\">\n\t\t\t\t\t<h4 class=\"elementor-heading-title elementor-size-default\">Jaime Hurtado<\/h4>\t\t\t\t<\/div>\n\t\t\t\t<\/div>\n\t\t\t\t<div class=\"elementor-element elementor-element-4081ae5 cmsmasters-block-default cmsmasters-sticky-default elementor-widget elementor-widget-text-editor\" data-id=\"4081ae5\" data-element_type=\"widget\" data-widget_type=\"text-editor.default\">\n\t\t\t\t<div class=\"elementor-widget-container\">\n\t\t\t\t\t\t\t\t\t<p>Experienced legal attorney and trusted advisor.<\/p><p>Jaime Hurtado is a dedicated attorney with 20 years of experience providing legal advice and representation to individuals, families and businesses. Specialized in Civil Law, he is committed to providing personalized solutions for each client.<\/p><p>After obtaining a law degree, he began a career based in the Civil area, addressing complex legal issues in legal entities and individuals, defending clients in complex litigation and helping entrepreneurs overcome legal challenges. Over the years, it has successfully resolved the creation of Trusts, SEM Companies, Registry of Personal and Real Estate, Public and Private Contracts, among others. Expert lawyer in the formation of new companies and the drafting of airtight contracts to the management of complex mergers, acquisitions and regulatory challenges.<\/p><p>Known for meticulous preparation and strategic thinking, Jaime Hurtado believes in empowering clients by keeping them informed and engaged throughout the legal process. Whether representing clients in court or providing advice behind the scenes, his goal is always the same: achieve the best possible outcome.<\/p><p><strong>Affiliation<\/strong>: National Bar Association<\/p><p><strong>Languages<\/strong>: English and Spanish<\/p>\t\t\t\t\t\t\t\t<\/div>\n\t\t\t\t<\/div>\n\t\t\t\t<div class=\"elementor-element elementor-element-ca47c6e cmsmasters-icon-arrangement-together cmsmasters-block-default cmsmasters-sticky-default elementor-widget elementor-widget-cmsmasters-button\" data-id=\"ca47c6e\" data-element_type=\"widget\" data-widget_type=\"cmsmasters-button.default\">\n\t\t\t\t<div class=\"elementor-widget-container\">\n\t\t\t\t\t<div class=\"elementor-widget-cmsmasters-button__button-container\"><div class=\"elementor-widget-cmsmasters-button__button-container-inner\"><a href=\"https:\/\/legalservicespanama.com\/en\/contacto\/\" class=\"cmsmasters-button-link elementor-widget-cmsmasters-button__button cmsmasters-icon-view-default cmsmasters-icon-shape- cmsmasters-button-size-sm\" role=\"button\"><span class=\"elementor-widget-cmsmasters-button__content-wrapper cmsmasters-align-icon-right\"><span class=\"elementor-widget-cmsmasters-button__icon\"><i aria-hidden=\"true\" class=\"cmsdemo-icon- cms-demo-icon-diagonal-arrow\"><\/i><\/span><span class=\"elementor-widget-cmsmasters-button__text\">Contact us<\/span><\/span><\/a><\/div><\/div>\t\t\t\t<\/div>\n\t\t\t\t<\/div>\n\t\t\t\t<\/div>\n\t\t\t\t\t<\/div>\n\t\t\t\t<\/div>\n\t\t\t\t<\/div>","protected":false},"excerpt":{"rendered":"<p>Jaime Hurtado Abogado legal experimentado y Asesor confiable. Jaime Hurtado es un abogado dedicado con 20 a\u00f1os de experiencia brindando asesor\u00eda y representaci\u00f3n legal a individuos, familias y empresas. Especializado en Derecho Civil, se ha comprometido a brindar soluciones personalizadas para cada cliente. Despu\u00e9s de obtener un t\u00edtulo en derecho comenz\u00f3 una carrera basada en&#8230;<\/p>","protected":false},"author":1,"featured_media":0,"parent":0,"menu_order":0,"comment_status":"closed","ping_status":"closed","template":"","meta":{"_acf_changed":false,"footnotes":""},"class_list":["post-41010","page","type-page","status-publish","hentry"],"acf":[],"yoast_head":"<!-- This site is optimized with the Yoast SEO plugin v23.9 - https:\/\/yoast.com\/wordpress\/plugins\/seo\/ -->\n<title>Abogados - Legal Services Panama<\/title>\n<meta name=\"robots\" content=\"index, follow, max-snippet:-1, max-image-preview:large, max-video-preview:-1\" \/>\n<link rel=\"canonical\" href=\"https:\/\/legalservicespanama.com\/en\/abogados\/\" \/>\n<meta property=\"og:locale\" content=\"en_US\" \/>\n<meta property=\"og:type\" content=\"article\" \/>\n<meta property=\"og:title\" content=\"Abogados - Legal Services Panama\" \/>\n<meta property=\"og:description\" content=\"Jaime Hurtado Abogado legal experimentado y Asesor confiable. Jaime Hurtado es un abogado dedicado con 20 a\u00f1os de experiencia brindando asesor\u00eda y representaci\u00f3n legal a individuos, familias y empresas. Especializado en Derecho Civil, se ha comprometido a brindar soluciones personalizadas para cada cliente. Despu\u00e9s de obtener un t\u00edtulo en derecho comenz\u00f3 una carrera basada en...\" \/>\n<meta property=\"og:url\" content=\"https:\/\/legalservicespanama.com\/en\/abogados\/\" \/>\n<meta property=\"og:site_name\" content=\"Legal Services Panama\" \/>\n<meta property=\"article:modified_time\" content=\"2024-12-19T23:31:48+00:00\" \/>\n<meta property=\"og:image\" content=\"https:\/\/legalservicespanama.com\/wp-content\/uploads\/2024\/12\/jaime.jpeg\" \/>\n\t<meta property=\"og:image:width\" content=\"1241\" \/>\n\t<meta property=\"og:image:height\" content=\"1280\" \/>\n\t<meta property=\"og:image:type\" content=\"image\/jpeg\" \/>\n<meta name=\"twitter:card\" content=\"summary_large_image\" \/>\n<meta name=\"twitter:label1\" content=\"Est. reading time\" \/>\n\t<meta name=\"twitter:data1\" content=\"2 minutes\" \/>\n<script type=\"application\/ld+json\" class=\"yoast-schema-graph\">{\"@context\":\"https:\/\/schema.org\",\"@graph\":[{\"@type\":\"WebPage\",\"@id\":\"https:\/\/legalservicespanama.com\/abogados\/\",\"url\":\"https:\/\/legalservicespanama.com\/abogados\/\",\"name\":\"Abogados - Legal Services Panama\",\"isPartOf\":{\"@id\":\"https:\/\/legalservicespanama.com\/#website\"},\"primaryImageOfPage\":{\"@id\":\"https:\/\/legalservicespanama.com\/abogados\/#primaryimage\"},\"image\":{\"@id\":\"https:\/\/legalservicespanama.com\/abogados\/#primaryimage\"},\"thumbnailUrl\":\"https:\/\/legalservicespanama.com\/wp-content\/uploads\/2024\/12\/jaime-30x31.jpeg\",\"datePublished\":\"2023-09-07T19:30:20+00:00\",\"dateModified\":\"2024-12-19T23:31:48+00:00\",\"breadcrumb\":{\"@id\":\"https:\/\/legalservicespanama.com\/abogados\/#breadcrumb\"},\"inLanguage\":\"en-US\",\"potentialAction\":[{\"@type\":\"ReadAction\",\"target\":[\"https:\/\/legalservicespanama.com\/abogados\/\"]}]},{\"@type\":\"ImageObject\",\"inLanguage\":\"en-US\",\"@id\":\"https:\/\/legalservicespanama.com\/abogados\/#primaryimage\",\"url\":\"https:\/\/legalservicespanama.com\/wp-content\/uploads\/2024\/12\/jaime-30x31.jpeg\",\"contentUrl\":\"https:\/\/legalservicespanama.com\/wp-content\/uploads\/2024\/12\/jaime-30x31.jpeg\"},{\"@type\":\"BreadcrumbList\",\"@id\":\"https:\/\/legalservicespanama.com\/abogados\/#breadcrumb\",\"itemListElement\":[{\"@type\":\"ListItem\",\"position\":1,\"name\":\"Portada\",\"item\":\"https:\/\/legalservicespanama.com\/\"},{\"@type\":\"ListItem\",\"position\":2,\"name\":\"Abogados\"}]},{\"@type\":\"WebSite\",\"@id\":\"https:\/\/legalservicespanama.com\/#website\",\"url\":\"https:\/\/legalservicespanama.com\/\",\"name\":\"Legal Services Panama\",\"description\":\"Legal Services Panama\",\"publisher\":{\"@id\":\"https:\/\/legalservicespanama.com\/#organization\"},\"potentialAction\":[{\"@type\":\"SearchAction\",\"target\":{\"@type\":\"EntryPoint\",\"urlTemplate\":\"https:\/\/legalservicespanama.com\/?s={search_term_string}\"},\"query-input\":{\"@type\":\"PropertyValueSpecification\",\"valueRequired\":true,\"valueName\":\"search_term_string\"}}],\"inLanguage\":\"en-US\"},{\"@type\":\"Organization\",\"@id\":\"https:\/\/legalservicespanama.com\/#organization\",\"name\":\"Legal Services Panama\",\"url\":\"https:\/\/legalservicespanama.com\/\",\"logo\":{\"@type\":\"ImageObject\",\"inLanguage\":\"en-US\",\"@id\":\"https:\/\/legalservicespanama.com\/#\/schema\/logo\/image\/\",\"url\":\"https:\/\/legalservicespanama.com\/wp-content\/uploads\/2024\/10\/Logos-2.0.png\",\"contentUrl\":\"https:\/\/legalservicespanama.com\/wp-content\/uploads\/2024\/10\/Logos-2.0.png\",\"width\":1680,\"height\":776,\"caption\":\"Legal Services Panama\"},\"image\":{\"@id\":\"https:\/\/legalservicespanama.com\/#\/schema\/logo\/image\/\"}}]}<\/script>\n<!-- \/ Yoast SEO plugin. -->","yoast_head_json":{"title":"Abogados - Legal Services Panama","robots":{"index":"index","follow":"follow","max-snippet":"max-snippet:-1","max-image-preview":"max-image-preview:large","max-video-preview":"max-video-preview:-1"},"canonical":"https:\/\/legalservicespanama.com\/en\/abogados\/","og_locale":"en_US","og_type":"article","og_title":"Abogados - Legal Services Panama","og_description":"Jaime Hurtado Abogado legal experimentado y Asesor confiable. Jaime Hurtado es un abogado dedicado con 20 a\u00f1os de experiencia brindando asesor\u00eda y representaci\u00f3n legal a individuos, familias y empresas. Especializado en Derecho Civil, se ha comprometido a brindar soluciones personalizadas para cada cliente. Despu\u00e9s de obtener un t\u00edtulo en derecho comenz\u00f3 una carrera basada en...","og_url":"https:\/\/legalservicespanama.com\/en\/abogados\/","og_site_name":"Legal Services Panama","article_modified_time":"2024-12-19T23:31:48+00:00","og_image":[{"width":1241,"height":1280,"url":"https:\/\/legalservicespanama.com\/wp-content\/uploads\/2024\/12\/jaime.jpeg","type":"image\/jpeg"}],"twitter_card":"summary_large_image","twitter_misc":{"Est. reading time":"2 minutes"},"schema":{"@context":"https:\/\/schema.org","@graph":[{"@type":"WebPage","@id":"https:\/\/legalservicespanama.com\/abogados\/","url":"https:\/\/legalservicespanama.com\/abogados\/","name":"Abogados - Legal Services Panama","isPartOf":{"@id":"https:\/\/legalservicespanama.com\/#website"},"primaryImageOfPage":{"@id":"https:\/\/legalservicespanama.com\/abogados\/#primaryimage"},"image":{"@id":"https:\/\/legalservicespanama.com\/abogados\/#primaryimage"},"thumbnailUrl":"https:\/\/legalservicespanama.com\/wp-content\/uploads\/2024\/12\/jaime-30x31.jpeg","datePublished":"2023-09-07T19:30:20+00:00","dateModified":"2024-12-19T23:31:48+00:00","breadcrumb":{"@id":"https:\/\/legalservicespanama.com\/abogados\/#breadcrumb"},"inLanguage":"en-US","potentialAction":[{"@type":"ReadAction","target":["https:\/\/legalservicespanama.com\/abogados\/"]}]},{"@type":"ImageObject","inLanguage":"en-US","@id":"https:\/\/legalservicespanama.com\/abogados\/#primaryimage","url":"https:\/\/legalservicespanama.com\/wp-content\/uploads\/2024\/12\/jaime-30x31.jpeg","contentUrl":"https:\/\/legalservicespanama.com\/wp-content\/uploads\/2024\/12\/jaime-30x31.jpeg"},{"@type":"BreadcrumbList","@id":"https:\/\/legalservicespanama.com\/abogados\/#breadcrumb","itemListElement":[{"@type":"ListItem","position":1,"name":"Portada","item":"https:\/\/legalservicespanama.com\/"},{"@type":"ListItem","position":2,"name":"Abogados"}]},{"@type":"WebSite","@id":"https:\/\/legalservicespanama.com\/#website","url":"https:\/\/legalservicespanama.com\/","name":"Legal Services Panama","description":"Legal Services Panama","publisher":{"@id":"https:\/\/legalservicespanama.com\/#organization"},"potentialAction":[{"@type":"SearchAction","target":{"@type":"EntryPoint","urlTemplate":"https:\/\/legalservicespanama.com\/?s={search_term_string}"},"query-input":{"@type":"PropertyValueSpecification","valueRequired":true,"valueName":"search_term_string"}}],"inLanguage":"en-US"},{"@type":"Organization","@id":"https:\/\/legalservicespanama.com\/#organization","name":"Legal Services Panama","url":"https:\/\/legalservicespanama.com\/","logo":{"@type":"ImageObject","inLanguage":"en-US","@id":"https:\/\/legalservicespanama.com\/#\/schema\/logo\/image\/","url":"https:\/\/legalservicespanama.com\/wp-content\/uploads\/2024\/10\/Logos-2.0.png","contentUrl":"https:\/\/legalservicespanama.com\/wp-content\/uploads\/2024\/10\/Logos-2.0.png","width":1680,"height":776,"caption":"Legal Services Panama"},"image":{"@id":"https:\/\/legalservicespanama.com\/#\/schema\/logo\/image\/"}}]}},"_links":{"self":[{"href":"https:\/\/legalservicespanama.com\/en\/wp-json\/wp\/v2\/pages\/41010","targetHints":{"allow":["GET"]}}],"collection":[{"href":"https:\/\/legalservicespanama.com\/en\/wp-json\/wp\/v2\/pages"}],"about":[{"href":"https:\/\/legalservicespanama.com\/en\/wp-json\/wp\/v2\/types\/page"}],"author":[{"embeddable":true,"href":"https:\/\/legalservicespanama.com\/en\/wp-json\/wp\/v2\/users\/1"}],"replies":[{"embeddable":true,"href":"https:\/\/legalservicespanama.com\/en\/wp-json\/wp\/v2\/comments?post=41010"}],"version-history":[{"count":18,"href":"https:\/\/legalservicespanama.com\/en\/wp-json\/wp\/v2\/pages\/41010\/revisions"}],"predecessor-version":[{"id":41219,"href":"https:\/\/legalservicespanama.com\/en\/wp-json\/wp\/v2\/pages\/41010\/revisions\/41219"}],"wp:attachment":[{"href":"https:\/\/legalservicespanama.com\/en\/wp-json\/wp\/v2\/media?parent=41010"}],"curies":[{"name":"wp","href":"https:\/\/api.w.org\/{rel}","templated":true}]}}